{"id":30,"date":"2023-12-29T17:24:23","date_gmt":"2023-12-29T16:24:23","guid":{"rendered":"https:\/\/www.dev-tronic.de\/?page_id=30"},"modified":"2025-08-11T16:59:41","modified_gmt":"2025-08-11T14:59:41","slug":"die-seite-fuer-hobbyprojekte-im-bereich-der-elektronik","status":"publish","type":"page","link":"https:\/\/www.dev-tronic.de\/","title":{"rendered":"Hauptseite"},"content":{"rendered":"\n<div class=\"wp-block-columns is-layout-flex wp-container-core-columns-is-layout-9d6595d7 wp-block-columns-is-layout-flex\">\n<div class=\"wp-block-column is-layout-flow wp-block-column-is-layout-flow\">\n<p>Auf diesen Seiten pr\u00e4sentiere ich Dir meine Hobbyprojekte aus dem Bereich der Elektronik. Alles, was Du hier findest, darfst Du gerne kopieren und f\u00fcr Deine Zwecke nutzen.<\/p>\n<p>Aber bitte beachte, dass ich keine Garantie f\u00fcr die Richtigkeit meiner Schaltungen, Platinen oder Programme gebe.<\/p>\n<p>Mit den hier ver\u00f6ffentlichten Informationen verfolgt der Autor und Betreiber von dev-tronic.de keinerlei kommerzielle Interessen.\u00a0<\/p>\n<\/div>\n<\/div>\n\n\n\n<div class=\"wp-block-columns is-layout-flex wp-container-core-columns-is-layout-9d6595d7 wp-block-columns-is-layout-flex\">\n<div class=\"wp-block-column is-layout-flow wp-block-column-is-layout-flow\">\n<figure class=\"wp-block-image size-large\"><img loading=\"lazy\" decoding=\"async\" width=\"1024\" height=\"798\" src=\"https:\/\/www.dev-tronic.de\/wp-content\/uploads\/2021\/01\/Gewaechshausbewaesserung-1024x798.jpg\" alt=\"\" class=\"wp-image-222\" srcset=\"https:\/\/www.dev-tronic.de\/wp-content\/uploads\/2021\/01\/Gewaechshausbewaesserung-1024x798.jpg 1024w, https:\/\/www.dev-tronic.de\/wp-content\/uploads\/2021\/01\/Gewaechshausbewaesserung-300x234.jpg 300w, https:\/\/www.dev-tronic.de\/wp-content\/uploads\/2021\/01\/Gewaechshausbewaesserung-768x598.jpg 768w, https:\/\/www.dev-tronic.de\/wp-content\/uploads\/2021\/01\/Gewaechshausbewaesserung.jpg 1100w\" sizes=\"auto, (max-width: 1024px) 100vw, 1024px\" \/><figcaption class=\"wp-element-caption\">Gew\u00e4chshausbew\u00e4sserung<\/figcaption><\/figure>\n<\/div>\n\n\n\n<div class=\"wp-block-column is-layout-flow wp-block-column-is-layout-flow\">\n<p><a href=\"https:\/\/www.dev-tronic.de\/?p=24\">Wie alles begann&#8230;<\/a><\/p>\n\n\n\n<p>Es d\u00fcrfte so Anfang oder Mitte 2014 gewesen sein, als ich auf die Idee kam, mein Gew\u00e4chshaus mit einer Bew\u00e4sserungssteuerung auszustatten. Nat\u00fcrlich gibt es f\u00fcr so etwas fertige Systeme, auch f\u00fcr den nicht gewerblichen Bereich&#8230;..<\/p>\n\n\n\n<p><a href=\"https:\/\/www.dev-tronic.de\/?p=24\" data-type=\"post\" data-id=\"24\">Zum Beitrag<\/a><\/p>\n<\/div>\n<\/div>\n\n\n\n<h2 class=\"wp-block-heading\">Aktuell:<\/h2>\n\n\n\n<p>2 MB Extended Memory f\u00fcr den Z80Ardu: <a href=\"https:\/\/www.dev-tronic.de\/?p=553\">https:\/\/www.dev-tronic.de\/?p=553<\/a><\/p>\n\n\n\n<p><\/p>\n\n\n\n<p><strong>Die neuesten Beitr\u00e4ge:<\/strong><\/p>\n\n\n<ul class=\"wp-block-latest-posts__list is-grid columns-3 wp-block-latest-posts\"><li><a class=\"wp-block-latest-posts__post-title\" href=\"https:\/\/www.dev-tronic.de\/?p=603\">6502 &#8211; Eine 256\u202fByte gro\u00dfen Block kopieren<\/a><div class=\"wp-block-latest-posts__post-excerpt\">Dieses kleine Programm kopiert 256 Byte von einem Adressbereich in einen anderen Adressbereich. Es wird mit Zero-Page-Pointern gearbeitet. \/ ; Kopiert 256 Bytes von $0200 nach $0300, clobbert A,X; Zyklen: ~ (4 + 256*(6..7)) je nach Page-Crossing .org $0801 ; Beispielstart (optional)srcPtr = $fb ; Zero-Page-WorddstPtr = $fd lda #$00 sta srcPtr lda #$02 sta<\/div><\/li>\n<li><a class=\"wp-block-latest-posts__post-title\" href=\"https:\/\/www.dev-tronic.de\/?p=230\">Z80 &#8211; 8 Bit Multiplikation<\/a><div class=\"wp-block-latest-posts__post-excerpt\">Der Z80 hat selbst keine direkten Maschinenbefehle f\u00fcr Multiplikationen an Bord\u2026. Leider! Aber OK, aus der Schule wissen wir, dass eine Multiplikation auch problemlos durch Additionen dargestellt werden kann. Im Folgenden nun eine kleine Routine f\u00fcr 8 Bit-Multiplikationen mit max 16 Bit Ergebnis Folgende Register werden genutzt: HL = ErgebnisD = MultiplikatorE = Multiplikand Hier<\/div><\/li>\n<li><a class=\"wp-block-latest-posts__post-title\" href=\"https:\/\/www.dev-tronic.de\/?p=553\">Z80Ardu &#8211; Extended Memory<\/a><div class=\"wp-block-latest-posts__post-excerpt\">Nachdem ich die Grafikkarte mit dem MC6847 beiseite gelegt, und diese durch die Grafikkarte mit dem TMS9918 ersetzt hatte, wurde der Speicherbereich von E000 bis FFFF frei. Zuvor war dort der Speicher f\u00fcr die MC6847-Grafikkarte. Da der TMS9918 seinen Speicher unabh\u00e4ngig vom regul\u00e4ren 64 Kilobyte-Speicher des Z80Ardu verwaltet (dieser befindet sich f\u00fcr den Z80-Prozessor unsichtbar<\/div><\/li>\n<li><a class=\"wp-block-latest-posts__post-title\" href=\"https:\/\/www.dev-tronic.de\/?p=531\">Z80Ardu &#8211; DoubleSID Soundkarte<\/a><div class=\"wp-block-latest-posts__post-excerpt\">Fr\u00fcher hatten Computer maximal einen kleinen Lautsprecher verbaut, \u00fcber den Piept\u00f6ne ausgegeben wurden. Die M\u00f6glichkeiten, auf diesen Ger\u00e4ten &#8222;Musik&#8220; zu erstellen, waren schlichtweg nicht vorhanden. Einige Spiele holten dennoch unterschiedliche T\u00f6ne aus der sp\u00e4rlichen Ausstattung heraus. Als die Homecomputer Ende der 70er, Anfang der 80er Jahre herauskamen, \u00e4nderte sich das. Man verbaute in diesen Computern<\/div><\/li>\n<li><a class=\"wp-block-latest-posts__post-title\" href=\"https:\/\/www.dev-tronic.de\/?p=371\">Z80Ardu \u2013 Soundkarte mit SN76489 (gestoppt)<\/a><div class=\"wp-block-latest-posts__post-excerpt\">Dieses Projekt habe ich gestoppt. Das Prinzip funktioniert. Der abgebildete Prototyp tut, was er soll, n\u00e4mlich Sound wiedergeben. Ich wollte aber eigentlich immer eine Soundqualit\u00e4t haben, die sich mit dem SID des C64 messen kann. Deshalb gibt es das Projekt &#8222;Z80Ardu &#8211; DoubleSID Soundkarte&#8222; Der Baustein SN76489 wurde von Texas Instruments gebaut und in vielen<\/div><\/li>\n<li><a class=\"wp-block-latest-posts__post-title\" href=\"https:\/\/www.dev-tronic.de\/?p=516\">Z80Ardu \u2014 Displaydapter (mit TMS9918)<\/a><div class=\"wp-block-latest-posts__post-excerpt\">Der f\u00fcr den Z80Ardu entwickelte &#8222;Grafikadapter&#8220; mit dem MC6847 (siehe hier) funktioniert ganz prima. Die aktuelle Version hat auch keine Probleme mehr, wenn es um schnelle Speicherzugriffe geht. Dennoch: Ich hatte schon l\u00e4nger den Wunsch, die in meiner Bastelkiste schlummernden TMS9918 oder TMS9929 von Texas Instruments als Basis f\u00fcr eine &#8222;Grafikkarte&#8220; zu verwenden. Diese Chips<\/div><\/li>\n<\/ul>","protected":false},"excerpt":{"rendered":"<p>Auf diesen Seiten pr\u00e4sentiere ich Dir meine Hobbyprojekte aus dem Bereich der Elektronik. Alles, was Du hier findest, darfst Du gerne kopieren und f\u00fcr Deine Zwecke nutzen. Aber bitte beachte, dass ich keine Garantie f\u00fcr die Richtigkeit meiner Schaltungen, Platinen oder Programme gebe. Mit den hier ver\u00f6ffentlichten Informationen verfolgt der Autor und Betreiber von dev-tronic.de keinerlei kommerzielle Interessen.\u00a0 Wie alles begann&#8230; Es d\u00fcrfte so Anfang oder Mitte 2014 gewesen sein, als ich auf die Idee kam, mein Gew\u00e4chshaus mit einer<\/p>\n","protected":false},"author":1,"featured_media":0,"parent":0,"menu_order":0,"comment_status":"closed","ping_status":"closed","template":"","meta":{"footnotes":""},"class_list":["post-30","page","type-page","status-publish","hentry"],"_links":{"self":[{"href":"https:\/\/www.dev-tronic.de\/index.php?rest_route=\/wp\/v2\/pages\/30","targetHints":{"allow":["GET"]}}],"collection":[{"href":"https:\/\/www.dev-tronic.de\/index.php?rest_route=\/wp\/v2\/pages"}],"about":[{"href":"https:\/\/www.dev-tronic.de\/index.php?rest_route=\/wp\/v2\/types\/page"}],"author":[{"embeddable":true,"href":"https:\/\/www.dev-tronic.de\/index.php?rest_route=\/wp\/v2\/users\/1"}],"replies":[{"embeddable":true,"href":"https:\/\/www.dev-tronic.de\/index.php?rest_route=%2Fwp%2Fv2%2Fcomments&post=30"}],"version-history":[{"count":36,"href":"https:\/\/www.dev-tronic.de\/index.php?rest_route=\/wp\/v2\/pages\/30\/revisions"}],"predecessor-version":[{"id":597,"href":"https:\/\/www.dev-tronic.de\/index.php?rest_route=\/wp\/v2\/pages\/30\/revisions\/597"}],"wp:attachment":[{"href":"https:\/\/www.dev-tronic.de\/index.php?rest_route=%2Fwp%2Fv2%2Fmedia&parent=30"}],"curies":[{"name":"wp","href":"https:\/\/api.w.org\/{rel}","templated":true}]}}